{"id":4538,"date":"2024-12-14T10:15:38","date_gmt":"2024-12-14T09:15:38","guid":{"rendered":"https:\/\/www.scuolainfanziaisolalta.it\/?page_id=4538"},"modified":"2024-12-14T10:15:39","modified_gmt":"2024-12-14T09:15:39","slug":"chi-siamo","status":"publish","type":"page","link":"https:\/\/www.scuolainfanziaisolalta.it\/index.php\/chi-siamo\/","title":{"rendered":"Chi siamo"},"content":{"rendered":"\t\t<div data-elementor-type=\"wp-page\" data-elementor-id=\"4538\" class=\"elementor elementor-4538\" data-elementor-post-type=\"page\">\n\t\t\t\t\t\t<section class=\"elementor-section elementor-top-section elementor-element elementor-element-35af7cb elementor-section-boxed elementor-section-height-default elementor-section-height-default\" data-id=\"35af7cb\" data-element_type=\"section\">\n\t\t\t\t\t\t<div class=\"elementor-container elementor-column-gap-default\">\n\t\t\t\t\t<div class=\"elementor-column elementor-col-100 elementor-top-column elementor-element elementor-element-20459d1\" data-id=\"20459d1\" data-element_type=\"column\">\n\t\t\t<div class=\"elementor-widget-wrap elementor-element-populated\">\n\t\t\t\t\t\t<section class=\"elementor-section elementor-inner-section elementor-element elementor-element-087b1c3 elementor-section-boxed elementor-section-height-default elementor-section-height-default\" data-id=\"087b1c3\" data-element_type=\"section\">\n\t\t\t\t\t\t<div class=\"elementor-container elementor-column-gap-default\">\n\t\t\t\t\t<div class=\"elementor-column elementor-col-50 elementor-inner-column elementor-element elementor-element-00bae65\" data-id=\"00bae65\" data-element_type=\"column\" data-settings=\"{&quot;background_background&quot;:&quot;classic&quot;}\">\n\t\t\t<div class=\"elementor-widget-wrap\">\n\t\t\t\t\t\t\t<\/div>\n\t\t<\/div>\n\t\t\t\t<div class=\"elementor-column elementor-col-50 elementor-inner-column elementor-element elementor-element-274cbc2\" data-id=\"274cbc2\" data-element_type=\"column\">\n\t\t\t<div class=\"elementor-widget-wrap elementor-element-populated\">\n\t\t\t\t\t\t<div class=\"elementor-element elementor-element-59264d6 elementor-widget elementor-widget-emagu-about\" data-id=\"59264d6\" data-element_type=\"widget\" data-widget_type=\"emagu-about.default\">\n\t\t\t\t<div class=\"elementor-widget-container\">\n\t\t\t\t\t\t\t<div class=\"about-boxs\">\r\n\t\t\t<div class=\"about-box\">\r\n\t\t\t\t<div class=\"about-titles\">\r\n\t\t\t\t\t<h4 class=\"color1\">\r\n\t\t\t\t\t\t\t\t\t\t<\/h4>\r\n\t\t\t\t\t<h2>Spazi Educativo Didattici<\/h2>\r\n\t\t\t\t<\/div>\r\n\t\t\t\t<div class=\"about-content\">\r\n\t\t\t\t<p>Due sezioni (cos\u00ec denominate ROSSA e GIALLA) ciascuna fornita di bagno;<br \/>Un salone polifunzionale utilizzato per il gioco libero, attivit\u00e0 di psicomotricit\u00e0, laboratorio di musica, e grande angolo biblioteca con volumi catalogati.<br \/>Ingresso con spazi-guardaroba per i bambini<br \/>La \u201cStanza dei sogni\u201d (dedicata al riposo pomeridiano per i bambini piccoli e medi)<\/p>\n\t\t\t\t<\/div>\r\n\t\t\t\t\t\t\t<\/div>\r\n\t\t<\/div>\r\n\t\t\t\t\t\t<\/div>\n\t\t\t\t<\/div>\n\t\t\t\t<div class=\"elementor-element elementor-element-6661428 elementor-widget elementor-widget-emagu-about\" data-id=\"6661428\" data-element_type=\"widget\" data-widget_type=\"emagu-about.default\">\n\t\t\t\t<div class=\"elementor-widget-container\">\n\t\t\t\t\t\t\t<div class=\"about-boxs\">\r\n\t\t\t<div class=\"about-box\">\r\n\t\t\t\t<div class=\"about-titles\">\r\n\t\t\t\t\t<h4 class=\"color1\">\r\n\t\t\t\t\t\t\t\t\t\t<\/h4>\r\n\t\t\t\t\t<h2>Spazi gestionali<\/h2>\r\n\t\t\t\t<\/div>\r\n\t\t\t\t<div class=\"about-content\">\r\n\t\t\t\t<p>Un ufficio adibito a segreteria<br \/>La cucina con le relative dispense<\/p>\n\t\t\t\t<\/div>\r\n\t\t\t\t\t\t\t<\/div>\r\n\t\t<\/div>\r\n\t\t\t\t\t\t<\/div>\n\t\t\t\t<\/div>\n\t\t\t\t<div class=\"elementor-element elementor-element-74fa044 elementor-widget elementor-widget-emagu-about\" data-id=\"74fa044\" data-element_type=\"widget\" data-widget_type=\"emagu-about.default\">\n\t\t\t\t<div class=\"elementor-widget-container\">\n\t\t\t\t\t\t\t<div class=\"about-boxs\">\r\n\t\t\t<div class=\"about-box\">\r\n\t\t\t\t<div class=\"about-titles\">\r\n\t\t\t\t\t<h4 class=\"color1\">\r\n\t\t\t\t\t\t\t\t\t\t<\/h4>\r\n\t\t\t\t\t<h2>Spazi affini<\/h2>\r\n\t\t\t\t<\/div>\r\n\t\t\t\t<div class=\"about-content\">\r\n\t\t\t\t<p>Spazi dedicati ai bambini: all\u2019esterno vi \u00e8 un grande giardino con prato attrezzato con giochi per i bambini<br \/>Vi \u00e8 inoltre un giardino in prato sintetico e un area pavimentata adibita e attrezzata a spazio gioco e biciclette<\/p>\n\t\t\t\t<\/div>\r\n\t\t\t\t\t\t\t<\/div>\r\n\t\t<\/div>\r\n\t\t\t\t\t\t<\/div>\n\t\t\t\t<\/div>\n\t\t\t\t\t<\/div>\n\t\t<\/div>\n\t\t\t\t\t<\/div>\n\t\t<\/section>\n\t\t\t\t\t<\/div>\n\t\t<\/div>\n\t\t\t\t\t<\/div>\n\t\t<\/section>\n\t\t\t\t<\/div>\n\t\t","protected":false},"excerpt":{"rendered":"<p>Spazi Educativo Didattici Due sezioni (cos\u00ec denominate ROSSA e GIALLA) ciascuna fornita di bagno;Un salone polifunzionale utilizzato per il gioco libero, attivit\u00e0 di psicomotricit\u00e0, laboratorio di musica, e grande angolo biblioteca con volumi catalogati.Ingresso con spazi-guardaroba per i bambiniLa \u201cStanza dei sogni\u201d (dedicata al riposo pomeridiano per i bambini piccoli e medi) Spazi gestionali Un [&hellip;]<\/p>\n","protected":false},"author":1,"featured_media":0,"parent":0,"menu_order":0,"comment_status":"closed","ping_status":"closed","template":"blank-template.php","meta":{"footnotes":""},"class_list":["post-4538","page","type-page","status-publish","hentry"],"aioseo_notices":[],"_links":{"self":[{"href":"https:\/\/www.scuolainfanziaisolalta.it\/index.php\/wp-json\/wp\/v2\/pages\/4538","targetHints":{"allow":["GET"]}}],"collection":[{"href":"https:\/\/www.scuolainfanziaisolalta.it\/index.php\/wp-json\/wp\/v2\/pages"}],"about":[{"href":"https:\/\/www.scuolainfanziaisolalta.it\/index.php\/wp-json\/wp\/v2\/types\/page"}],"author":[{"embeddable":true,"href":"https:\/\/www.scuolainfanziaisolalta.it\/index.php\/wp-json\/wp\/v2\/users\/1"}],"replies":[{"embeddable":true,"href":"https:\/\/www.scuolainfanziaisolalta.it\/index.php\/wp-json\/wp\/v2\/comments?post=4538"}],"version-history":[{"count":2,"href":"https:\/\/www.scuolainfanziaisolalta.it\/index.php\/wp-json\/wp\/v2\/pages\/4538\/revisions"}],"predecessor-version":[{"id":4880,"href":"https:\/\/www.scuolainfanziaisolalta.it\/index.php\/wp-json\/wp\/v2\/pages\/4538\/revisions\/4880"}],"wp:attachment":[{"href":"https:\/\/www.scuolainfanziaisolalta.it\/index.php\/wp-json\/wp\/v2\/media?parent=4538"}],"curies":[{"name":"wp","href":"https:\/\/api.w.org\/{rel}","templated":true}]}}