{"id":4903,"date":"2025-02-19T14:56:19","date_gmt":"2025-02-19T13:56:19","guid":{"rendered":"https:\/\/www.scuolainfanziaisolalta.it\/?page_id=4903"},"modified":"2025-02-26T16:17:06","modified_gmt":"2025-02-26T15:17:06","slug":"mensa","status":"publish","type":"page","link":"https:\/\/www.scuolainfanziaisolalta.it\/index.php\/mensa\/","title":{"rendered":"Mensa"},"content":{"rendered":"\t\t<div data-elementor-type=\"wp-page\" data-elementor-id=\"4903\" class=\"elementor elementor-4903\" data-elementor-post-type=\"page\">\n\t\t\t\t\t\t<section class=\"elementor-section elementor-top-section elementor-element elementor-element-35af7cb elementor-section-boxed elementor-section-height-default elementor-section-height-default\" data-id=\"35af7cb\" data-element_type=\"section\">\n\t\t\t\t\t\t<div class=\"elementor-container elementor-column-gap-default\">\n\t\t\t\t\t<div class=\"elementor-column elementor-col-100 elementor-top-column elementor-element elementor-element-20459d1\" data-id=\"20459d1\" data-element_type=\"column\">\n\t\t\t<div class=\"elementor-widget-wrap elementor-element-populated\">\n\t\t\t\t\t\t<section class=\"elementor-section elementor-inner-section elementor-element elementor-element-087b1c3 elementor-section-boxed elementor-section-height-default elementor-section-height-default\" data-id=\"087b1c3\" data-element_type=\"section\">\n\t\t\t\t\t\t<div class=\"elementor-container elementor-column-gap-default\">\n\t\t\t\t\t<div class=\"elementor-column elementor-col-100 elementor-inner-column elementor-element elementor-element-274cbc2\" data-id=\"274cbc2\" data-element_type=\"column\">\n\t\t\t<div class=\"elementor-widget-wrap elementor-element-populated\">\n\t\t\t\t\t\t<div class=\"elementor-element elementor-element-59264d6 elementor-widget elementor-widget-emagu-about\" data-id=\"59264d6\" data-element_type=\"widget\" data-widget_type=\"emagu-about.default\">\n\t\t\t\t<div class=\"elementor-widget-container\">\n\t\t\t\t\t\t\t<div class=\"about-boxs\">\r\n\t\t\t<div class=\"about-box\">\r\n\t\t\t\t<div class=\"about-titles\">\r\n\t\t\t\t\t<h4 class=\"color1\">\r\n\t\t\t\t\t\t\t\t\t\t<\/h4>\r\n\t\t\t\t\t<h2>Mensa<\/h2>\r\n\t\t\t\t<\/div>\r\n\t\t\t\t<div class=\"about-content\">\r\n\t\t\t\t<p>La nostra mensa \u00e8 interna e questo vuol dire che la nostra cuoca prepara ogni giorno pasti accuratamente pensati e selezionati per i nostri bambini, utilizzando solo le migliori materie prime e rispettando la stagionalit\u00e0 dei prodotti! Il men\u00f9 \u00e8 suddiviso in primavera\/estate e autunno\/inverno ed \u00e8 articolato in 4 settimane ciascuno. Il men\u00f9 \u00e8 studiato appositamente per i nostri bambini e approvato dall\u2019ULSS9.<br \/>Perch\u00e9, dopo una mattina trascorsa a svolgere attivit\u00e0 e a giocare con gli amici, \u00e8 importante nutrire il corpo: solo cos\u00ec possiamo affrontare un pomeriggio pieno di divertenti stimoli e sfide!<\/p>\n\t\t\t\t<\/div>\r\n\t\t\t\t\t\t\t<\/div>\r\n\t\t<\/div>\r\n\t\t\t\t\t\t<\/div>\n\t\t\t\t<\/div>\n\t\t\t\t\t<\/div>\n\t\t<\/div>\n\t\t\t\t\t<\/div>\n\t\t<\/section>\n\t\t\t\t\t<\/div>\n\t\t<\/div>\n\t\t\t\t\t<\/div>\n\t\t<\/section>\n\t\t<div class=\"elementor-element elementor-element-207728a e-flex e-con-boxed e-con e-parent\" data-id=\"207728a\" data-element_type=\"container\">\n\t\t\t\t\t<div class=\"e-con-inner\">\n\t\t<div class=\"elementor-element elementor-element-f4e7747 e-flex e-con-boxed e-con e-child\" data-id=\"f4e7747\" data-element_type=\"container\" data-settings=\"{&quot;background_background&quot;:&quot;classic&quot;}\">\n\t\t\t\t\t<div class=\"e-con-inner\">\n\t\t\t\t\t<\/div>\n\t\t\t\t<\/div>\n\t\t\t\t\t<\/div>\n\t\t\t\t<\/div>\n\t\t\t\t<\/div>\n\t\t","protected":false},"excerpt":{"rendered":"<p>Mensa La nostra mensa \u00e8 interna e questo vuol dire che la nostra cuoca prepara ogni giorno pasti accuratamente pensati e selezionati per i nostri bambini, utilizzando solo le migliori materie prime e rispettando la stagionalit\u00e0 dei prodotti! Il men\u00f9 \u00e8 suddiviso in primavera\/estate e autunno\/inverno ed \u00e8 articolato in 4 settimane ciascuno. Il men\u00f9 [&hellip;]<\/p>\n","protected":false},"author":1,"featured_media":0,"parent":0,"menu_order":0,"comment_status":"closed","ping_status":"closed","template":"blank-template.php","meta":{"footnotes":""},"class_list":["post-4903","page","type-page","status-publish","hentry"],"aioseo_notices":[],"_links":{"self":[{"href":"https:\/\/www.scuolainfanziaisolalta.it\/index.php\/wp-json\/wp\/v2\/pages\/4903","targetHints":{"allow":["GET"]}}],"collection":[{"href":"https:\/\/www.scuolainfanziaisolalta.it\/index.php\/wp-json\/wp\/v2\/pages"}],"about":[{"href":"https:\/\/www.scuolainfanziaisolalta.it\/index.php\/wp-json\/wp\/v2\/types\/page"}],"author":[{"embeddable":true,"href":"https:\/\/www.scuolainfanziaisolalta.it\/index.php\/wp-json\/wp\/v2\/users\/1"}],"replies":[{"embeddable":true,"href":"https:\/\/www.scuolainfanziaisolalta.it\/index.php\/wp-json\/wp\/v2\/comments?post=4903"}],"version-history":[{"count":4,"href":"https:\/\/www.scuolainfanziaisolalta.it\/index.php\/wp-json\/wp\/v2\/pages\/4903\/revisions"}],"predecessor-version":[{"id":4907,"href":"https:\/\/www.scuolainfanziaisolalta.it\/index.php\/wp-json\/wp\/v2\/pages\/4903\/revisions\/4907"}],"wp:attachment":[{"href":"https:\/\/www.scuolainfanziaisolalta.it\/index.php\/wp-json\/wp\/v2\/media?parent=4903"}],"curies":[{"name":"wp","href":"https:\/\/api.w.org\/{rel}","templated":true}]}}