{"id":4990,"date":"2025-02-27T12:10:22","date_gmt":"2025-02-27T11:10:22","guid":{"rendered":"https:\/\/www.scuolainfanziaisolalta.it\/?page_id=4990"},"modified":"2025-02-27T12:41:57","modified_gmt":"2025-02-27T11:41:57","slug":"progetto-pregrafismo","status":"publish","type":"page","link":"https:\/\/www.scuolainfanziaisolalta.it\/index.php\/i-nostri-progetti\/progetto-pregrafismo\/","title":{"rendered":"Progetto Pregrafismo"},"content":{"rendered":"\t\t<div data-elementor-type=\"wp-page\" data-elementor-id=\"4990\" class=\"elementor elementor-4990\" data-elementor-post-type=\"page\">\n\t\t\t\t\t\t<section class=\"elementor-section elementor-top-section elementor-element elementor-element-35af7cb elementor-section-boxed elementor-section-height-default elementor-section-height-default\" data-id=\"35af7cb\" data-element_type=\"section\">\n\t\t\t\t\t\t<div class=\"elementor-container elementor-column-gap-default\">\n\t\t\t\t\t<div class=\"elementor-column elementor-col-100 elementor-top-column elementor-element elementor-element-20459d1\" data-id=\"20459d1\" data-element_type=\"column\">\n\t\t\t<div class=\"elementor-widget-wrap elementor-element-populated\">\n\t\t\t\t\t\t<section class=\"elementor-section elementor-inner-section elementor-element elementor-element-087b1c3 elementor-section-boxed elementor-section-height-default elementor-section-height-default\" data-id=\"087b1c3\" data-element_type=\"section\">\n\t\t\t\t\t\t<div class=\"elementor-container elementor-column-gap-default\">\n\t\t\t\t\t<div class=\"elementor-column elementor-col-100 elementor-inner-column elementor-element elementor-element-274cbc2\" data-id=\"274cbc2\" data-element_type=\"column\">\n\t\t\t<div class=\"elementor-widget-wrap elementor-element-populated\">\n\t\t\t\t\t\t<div class=\"elementor-element elementor-element-59264d6 elementor-widget elementor-widget-emagu-about\" data-id=\"59264d6\" data-element_type=\"widget\" data-widget_type=\"emagu-about.default\">\n\t\t\t\t<div class=\"elementor-widget-container\">\n\t\t\t\t\t\t\t<div class=\"about-boxs\">\r\n\t\t\t<div class=\"about-box\">\r\n\t\t\t\t<div class=\"about-titles\">\r\n\t\t\t\t\t<h4 class=\"color1\">\r\n\t\t\t\t\t\t\t\t\t\t<\/h4>\r\n\t\t\t\t\t<h2><\/h2>\r\n\t\t\t\t<\/div>\r\n\t\t\t\t<div class=\"about-content\">\r\n\t\t\t\t<p>Il progetto nasce dall\u2019intenzione di accompagnare i bambini in un percorso di esercitazione e preparazione alla letto-scrittura. Imparando a scrivere il bambino imlica la conoscenza di nozioni spaziali (alto, basso, destra e sinistra) e implica movimenti precisi della mano. Proprio per questo le attivit\u00e0 proposte intendono dare sicurezza alla mano dei bambini che dovranno affrontare la scrittura: si tratter\u00e0 di esercivi di padronanza del gesto grafico, accoppiata al controllo visivo e percettivo, poich\u00e9 il coordinamento della motricit\u00e0 manuale con la vista \u00e8 un fondamento per l\u2019apprendimento della lettura e della scrittura. Si parte dalla concretezza del corpo vissuto in relazione con l\u2019ambiente per approdare alle prime linee verticali, orizzontali, affinch\u00e8 il bambino familiarizzi in modo giocoso e graduale con segni, cifre, forme geometriche e lettere.<\/p>\n<p><!-- \/wp:paragraph --><!-- wp:paragraph --><\/p>\n\t\t\t\t<\/div>\r\n\t\t\t\t\t\t\t<\/div>\r\n\t\t<\/div>\r\n\t\t\t\t\t\t<\/div>\n\t\t\t\t<\/div>\n\t\t\t\t\t<\/div>\n\t\t<\/div>\n\t\t\t\t\t<\/div>\n\t\t<\/section>\n\t\t\t\t\t<\/div>\n\t\t<\/div>\n\t\t\t\t\t<\/div>\n\t\t<\/section>\n\t\t<div class=\"elementor-element elementor-element-c9e2d41 e-flex e-con-boxed e-con e-parent\" data-id=\"c9e2d41\" data-element_type=\"container\">\n\t\t\t\t\t<div class=\"e-con-inner\">\n\t\t\t\t<div class=\"elementor-element elementor-element-9372b08 elementor-widget elementor-widget-image\" data-id=\"9372b08\" data-element_type=\"widget\" data-widget_type=\"image.default\">\n\t\t\t\t<div class=\"elementor-widget-container\">\n\t\t\t\t\t\t\t\t\t\t\t\t\t\t\t<img fetchpriority=\"high\" decoding=\"async\" width=\"615\" height=\"450\" src=\"https:\/\/www.scuolainfanziaisolalta.it\/wp-content\/uploads\/2025\/02\/foto-Progetto-Pregrafismo-615x450.jpg\" class=\"attachment-emagu-project-image size-emagu-project-image wp-image-4939\" alt=\"\" \/>\t\t\t\t\t\t\t\t\t\t\t\t\t\t\t<\/div>\n\t\t\t\t<\/div>\n\t\t\t\t\t<\/div>\n\t\t\t\t<\/div>\n\t\t\t\t<\/div>\n\t\t","protected":false},"excerpt":{"rendered":"<p>Il progetto nasce dall\u2019intenzione di accompagnare i bambini in un percorso di esercitazione e preparazione alla letto-scrittura. Imparando a scrivere il bambino imlica la conoscenza di nozioni spaziali (alto, basso, destra e sinistra) e implica movimenti precisi della mano. Proprio per questo le attivit\u00e0 proposte intendono dare sicurezza alla mano dei bambini che dovranno affrontare [&hellip;]<\/p>\n","protected":false},"author":1,"featured_media":4939,"parent":4945,"menu_order":0,"comment_status":"closed","ping_status":"closed","template":"blank-template.php","meta":{"footnotes":""},"class_list":["post-4990","page","type-page","status-publish","has-post-thumbnail","hentry"],"aioseo_notices":[],"_links":{"self":[{"href":"https:\/\/www.scuolainfanziaisolalta.it\/index.php\/wp-json\/wp\/v2\/pages\/4990","targetHints":{"allow":["GET"]}}],"collection":[{"href":"https:\/\/www.scuolainfanziaisolalta.it\/index.php\/wp-json\/wp\/v2\/pages"}],"about":[{"href":"https:\/\/www.scuolainfanziaisolalta.it\/index.php\/wp-json\/wp\/v2\/types\/page"}],"author":[{"embeddable":true,"href":"https:\/\/www.scuolainfanziaisolalta.it\/index.php\/wp-json\/wp\/v2\/users\/1"}],"replies":[{"embeddable":true,"href":"https:\/\/www.scuolainfanziaisolalta.it\/index.php\/wp-json\/wp\/v2\/comments?post=4990"}],"version-history":[{"count":7,"href":"https:\/\/www.scuolainfanziaisolalta.it\/index.php\/wp-json\/wp\/v2\/pages\/4990\/revisions"}],"predecessor-version":[{"id":5077,"href":"https:\/\/www.scuolainfanziaisolalta.it\/index.php\/wp-json\/wp\/v2\/pages\/4990\/revisions\/5077"}],"up":[{"embeddable":true,"href":"https:\/\/www.scuolainfanziaisolalta.it\/index.php\/wp-json\/wp\/v2\/pages\/4945"}],"wp:featuredmedia":[{"embeddable":true,"href":"https:\/\/www.scuolainfanziaisolalta.it\/index.php\/wp-json\/wp\/v2\/media\/4939"}],"wp:attachment":[{"href":"https:\/\/www.scuolainfanziaisolalta.it\/index.php\/wp-json\/wp\/v2\/media?parent=4990"}],"curies":[{"name":"wp","href":"https:\/\/api.w.org\/{rel}","templated":true}]}}